{"id":867,"date":"2023-03-21T14:50:31","date_gmt":"2023-03-21T13:50:31","guid":{"rendered":"https:\/\/inature.cz\/?page_id=867"},"modified":"2026-04-18T22:30:54","modified_gmt":"2026-04-18T21:30:54","slug":"workshop-prezentace","status":"publish","type":"page","link":"https:\/\/inature.cz\/index.php\/workshop-prezentace\/","title":{"rendered":"Workshop"},"content":{"rendered":"\n<h5 class=\"wp-block-heading\">Kliknut\u00edm na obr\u00e1zek se zobraz\u00ed prezentace<\/h5>\n\n\n\n<figure class=\"wp-block-image size-large is-resized\"><a href=\"https:\/\/inature.cz\/wp-content\/uploads\/2026\/04\/Sitotisk_INature-1.pdf\"><img loading=\"lazy\" decoding=\"async\" width=\"1024\" height=\"640\" src=\"https:\/\/inature.cz\/wp-content\/uploads\/2023\/03\/Sitotisk_Inature_Cedikova_Stranka_01-1024x640.jpg\" alt=\"\" class=\"wp-image-874\" style=\"width:350px;height:218px\" srcset=\"https:\/\/inature.cz\/wp-content\/uploads\/2023\/03\/Sitotisk_Inature_Cedikova_Stranka_01-1024x640.jpg 1024w, https:\/\/inature.cz\/wp-content\/uploads\/2023\/03\/Sitotisk_Inature_Cedikova_Stranka_01-scaled-600x375.jpg 600w, https:\/\/inature.cz\/wp-content\/uploads\/2023\/03\/Sitotisk_Inature_Cedikova_Stranka_01-300x188.jpg 300w, https:\/\/inature.cz\/wp-content\/uploads\/2023\/03\/Sitotisk_Inature_Cedikova_Stranka_01-768x480.jpg 768w, https:\/\/inature.cz\/wp-content\/uploads\/2023\/03\/Sitotisk_Inature_Cedikova_Stranka_01-1536x960.jpg 1536w, https:\/\/inature.cz\/wp-content\/uploads\/2023\/03\/Sitotisk_Inature_Cedikova_Stranka_01-2048x1280.jpg 2048w\" sizes=\"auto, (max-width: 1024px) 100vw, 1024px\" \/><\/a><\/figure>\n","protected":false},"excerpt":{"rendered":"<p>Kliknut\u00edm na obr\u00e1zek se zobraz\u00ed prezentace<\/p>\n","protected":false},"author":2,"featured_media":0,"parent":0,"menu_order":1,"comment_status":"closed","ping_status":"closed","template":"","meta":{"neve_meta_sidebar":"","neve_meta_container":"","neve_meta_enable_content_width":"","neve_meta_content_width":0,"neve_meta_title_alignment":"","neve_meta_author_avatar":"","neve_post_elements_order":"","neve_meta_disable_header":"","neve_meta_disable_footer":"","neve_meta_disable_title":"","footnotes":""},"class_list":["post-867","page","type-page","status-publish","hentry"],"_links":{"self":[{"href":"https:\/\/inature.cz\/index.php\/wp-json\/wp\/v2\/pages\/867","targetHints":{"allow":["GET"]}}],"collection":[{"href":"https:\/\/inature.cz\/index.php\/wp-json\/wp\/v2\/pages"}],"about":[{"href":"https:\/\/inature.cz\/index.php\/wp-json\/wp\/v2\/types\/page"}],"author":[{"embeddable":true,"href":"https:\/\/inature.cz\/index.php\/wp-json\/wp\/v2\/users\/2"}],"replies":[{"embeddable":true,"href":"https:\/\/inature.cz\/index.php\/wp-json\/wp\/v2\/comments?post=867"}],"version-history":[{"count":10,"href":"https:\/\/inature.cz\/index.php\/wp-json\/wp\/v2\/pages\/867\/revisions"}],"predecessor-version":[{"id":1046,"href":"https:\/\/inature.cz\/index.php\/wp-json\/wp\/v2\/pages\/867\/revisions\/1046"}],"wp:attachment":[{"href":"https:\/\/inature.cz\/index.php\/wp-json\/wp\/v2\/media?parent=867"}],"curies":[{"name":"wp","href":"https:\/\/api.w.org\/{rel}","templated":true}]}}