{"id":291,"date":"2021-11-03T23:50:11","date_gmt":"2021-11-03T22:50:11","guid":{"rendered":"https:\/\/inature.cz\/?post_type=product&#038;p=291"},"modified":"2025-01-25T17:54:09","modified_gmt":"2025-01-25T16:54:09","slug":"vak-ptacek-v-trni","status":"publish","type":"product","link":"https:\/\/inature.cz\/index.php\/product\/vak-ptacek-v-trni\/","title":{"rendered":"Vak Pt\u00e1\u010dek v trn\u00ed"},"content":{"rendered":"","protected":false},"excerpt":{"rendered":"<p>bavln\u011bn\u00fd bat\u016f\u017eek ze 100% bavlny<\/p>\n<p>rozm\u011bry 37 x 46 cm, gram\u00e1\u017e 140 g\/m2<\/p>\n<p>barva hor\u010dicov\u011b \u017elut\u00e1<\/p>\n<p>kvalitn\u00ed bat\u016f\u017eek, oboustrann\u011b sta\u017eiteln\u00e9 zav\u00edr\u00e1n\u00ed zajist\u00ed obsah bat\u016f\u017eku uvnit\u0159.<\/p>\n<p>motiv &#8211; pt\u00e1\u010dek v trn\u00ed<\/p>\n<p>Pran\u00ed na 40\u00b4<\/p>\n","protected":false},"featured_media":438,"comment_status":"open","ping_status":"closed","template":"","meta":{"neve_meta_sidebar":"","neve_meta_container":"","neve_meta_enable_content_width":"off","neve_meta_content_width":100,"neve_meta_title_alignment":"","neve_meta_author_avatar":"","neve_post_elements_order":"","neve_meta_disable_header":"","neve_meta_disable_footer":"","neve_meta_disable_title":""},"product_cat":[25],"product_tag":[],"class_list":["post-291","product","type-product","status-publish","has-post-thumbnail","hentry","product_cat-tasky-a-vaky"],"_links":{"self":[{"href":"https:\/\/inature.cz\/index.php\/wp-json\/wp\/v2\/product\/291","targetHints":{"allow":["GET"]}}],"collection":[{"href":"https:\/\/inature.cz\/index.php\/wp-json\/wp\/v2\/product"}],"about":[{"href":"https:\/\/inature.cz\/index.php\/wp-json\/wp\/v2\/types\/product"}],"replies":[{"embeddable":true,"href":"https:\/\/inature.cz\/index.php\/wp-json\/wp\/v2\/comments?post=291"}],"wp:featuredmedia":[{"embeddable":true,"href":"https:\/\/inature.cz\/index.php\/wp-json\/wp\/v2\/media\/438"}],"wp:attachment":[{"href":"https:\/\/inature.cz\/index.php\/wp-json\/wp\/v2\/media?parent=291"}],"wp:term":[{"taxonomy":"product_cat","embeddable":true,"href":"https:\/\/inature.cz\/index.php\/wp-json\/wp\/v2\/product_cat?post=291"},{"taxonomy":"product_tag","embeddable":true,"href":"https:\/\/inature.cz\/index.php\/wp-json\/wp\/v2\/product_tag?post=291"}],"curies":[{"name":"wp","href":"https:\/\/api.w.org\/{rel}","templated":true}]}}