{"id":401,"date":"2021-11-15T13:26:24","date_gmt":"2021-11-15T12:26:24","guid":{"rendered":"https:\/\/inature.cz\/?post_type=product&#038;p=401"},"modified":"2025-01-25T18:18:20","modified_gmt":"2025-01-25T17:18:20","slug":"tricko-panske-vlocky","status":"publish","type":"product","link":"https:\/\/inature.cz\/index.php\/product\/tricko-panske-vlocky\/","title":{"rendered":"tri\u010dko Vlo\u010dky"},"content":{"rendered":"<p><img loading=\"lazy\" decoding=\"async\" class=\"alignnone size-full wp-image-424\" src=\"https:\/\/inature.cz\/wp-content\/uploads\/2021\/11\/DSC0490-removebg-preview.png\" alt=\"\" width=\"446\" height=\"559\" srcset=\"https:\/\/inature.cz\/wp-content\/uploads\/2021\/11\/DSC0490-removebg-preview.png 446w, https:\/\/inature.cz\/wp-content\/uploads\/2021\/11\/DSC0490-removebg-preview-239x300.png 239w\" sizes=\"auto, (max-width: 446px) 100vw, 446px\" \/><\/p>\n","protected":false},"excerpt":{"rendered":"<p>Mantis rock roll<\/p>\n<p>100% bio bavlna<\/p>\n<p>150 g\/m2<\/p>\n<p>ho\u0159\u010dicov\u011b \u017elut\u00e1 barva<\/p>\n<p>kr\u00e1sn\u00fd m\u00f3dn\u00ed st\u0159ih<\/p>\n<p>\u00fazk\u00e9 \u017eebrov\u00e1n\u00ed u krku<\/p>\n<p>svinut\u00e9 konce ruk\u00e1v\u016f<\/p>\n<p>potisk z obou stran &#8211; lze upravit na p\u0159\u00e1n\u00ed<\/p>\n","protected":false},"featured_media":423,"comment_status":"open","ping_status":"closed","template":"","meta":{"neve_meta_sidebar":"","neve_meta_container":"","neve_meta_enable_content_width":"off","neve_meta_content_width":100,"neve_meta_title_alignment":"","neve_meta_author_avatar":"","neve_post_elements_order":"","neve_meta_disable_header":"","neve_meta_disable_footer":"","neve_meta_disable_title":""},"product_cat":[19,41],"product_tag":[28,29],"class_list":["post-401","product","type-product","status-publish","has-post-thumbnail","hentry","product_cat-panske","product_cat-tricka-panske-2","product_tag-panske","product_tag-tricko"],"_links":{"self":[{"href":"https:\/\/inature.cz\/index.php\/wp-json\/wp\/v2\/product\/401","targetHints":{"allow":["GET"]}}],"collection":[{"href":"https:\/\/inature.cz\/index.php\/wp-json\/wp\/v2\/product"}],"about":[{"href":"https:\/\/inature.cz\/index.php\/wp-json\/wp\/v2\/types\/product"}],"replies":[{"embeddable":true,"href":"https:\/\/inature.cz\/index.php\/wp-json\/wp\/v2\/comments?post=401"}],"wp:featuredmedia":[{"embeddable":true,"href":"https:\/\/inature.cz\/index.php\/wp-json\/wp\/v2\/media\/423"}],"wp:attachment":[{"href":"https:\/\/inature.cz\/index.php\/wp-json\/wp\/v2\/media?parent=401"}],"wp:term":[{"taxonomy":"product_cat","embeddable":true,"href":"https:\/\/inature.cz\/index.php\/wp-json\/wp\/v2\/product_cat?post=401"},{"taxonomy":"product_tag","embeddable":true,"href":"https:\/\/inature.cz\/index.php\/wp-json\/wp\/v2\/product_tag?post=401"}],"curies":[{"name":"wp","href":"https:\/\/api.w.org\/{rel}","templated":true}]}}