{"id":403,"date":"2021-11-15T13:27:58","date_gmt":"2021-11-15T12:27:58","guid":{"rendered":"https:\/\/inature.cz\/?post_type=product&#038;p=403"},"modified":"2025-04-05T03:28:36","modified_gmt":"2025-04-05T02:28:36","slug":"detske-divci-tricko-motiv-vlocky","status":"publish","type":"product","link":"https:\/\/inature.cz\/index.php\/product\/detske-divci-tricko-motiv-vlocky\/","title":{"rendered":"D\u011btsk\u00e9 d\u00edv\u010d\u00ed tri\u010dko Vlo\u010dky"},"content":{"rendered":"","protected":false},"excerpt":{"rendered":"<p>100% bio bavlna<\/p>\n<p>barva levandulov\u00e1<\/p>\n<p>150 g\/m2<\/p>\n<div class=\"short-description\"><span id=\"ctl00_ContentPlaceHolderBody_ContentPlaceHolderBody_Template20_lShortDesc\">Velikosti: <\/span><\/div>\n<div class=\"short-description\"><span id=\"ctl00_ContentPlaceHolderBody_ContentPlaceHolderBody_Template20_lShortDesc\">2-3 roky(92\/98cm),\u00a0<\/span><\/div>\n<div class=\"short-description\"><span id=\"ctl00_ContentPlaceHolderBody_ContentPlaceHolderBody_Template20_lShortDesc\"> <\/span><span id=\"ctl00_ContentPlaceHolderBody_ContentPlaceHolderBody_Template20_lShortDesc\">4-5 let (104\/110cm)<\/span><\/div>\n<div class=\"short-description\"><span id=\"ctl00_ContentPlaceHolderBody_ContentPlaceHolderBody_Template20_lShortDesc\">6-7 let (116\/122cm)<\/span><\/div>\n<p>&nbsp;<\/p>\n","protected":false},"featured_media":404,"comment_status":"open","ping_status":"closed","template":"","meta":{"neve_meta_sidebar":"","neve_meta_container":"","neve_meta_enable_content_width":"off","neve_meta_content_width":100,"neve_meta_title_alignment":"","neve_meta_author_avatar":"","neve_post_elements_order":"","neve_meta_disable_header":"","neve_meta_disable_footer":"","neve_meta_disable_title":""},"product_cat":[22],"product_tag":[],"class_list":["post-403","product","type-product","status-publish","has-post-thumbnail","hentry","product_cat-detske"],"_links":{"self":[{"href":"https:\/\/inature.cz\/index.php\/wp-json\/wp\/v2\/product\/403","targetHints":{"allow":["GET"]}}],"collection":[{"href":"https:\/\/inature.cz\/index.php\/wp-json\/wp\/v2\/product"}],"about":[{"href":"https:\/\/inature.cz\/index.php\/wp-json\/wp\/v2\/types\/product"}],"replies":[{"embeddable":true,"href":"https:\/\/inature.cz\/index.php\/wp-json\/wp\/v2\/comments?post=403"}],"wp:featuredmedia":[{"embeddable":true,"href":"https:\/\/inature.cz\/index.php\/wp-json\/wp\/v2\/media\/404"}],"wp:attachment":[{"href":"https:\/\/inature.cz\/index.php\/wp-json\/wp\/v2\/media?parent=403"}],"wp:term":[{"taxonomy":"product_cat","embeddable":true,"href":"https:\/\/inature.cz\/index.php\/wp-json\/wp\/v2\/product_cat?post=403"},{"taxonomy":"product_tag","embeddable":true,"href":"https:\/\/inature.cz\/index.php\/wp-json\/wp\/v2\/product_tag?post=403"}],"curies":[{"name":"wp","href":"https:\/\/api.w.org\/{rel}","templated":true}]}}