{"id":405,"date":"2021-11-15T13:29:15","date_gmt":"2021-11-15T12:29:15","guid":{"rendered":"https:\/\/inature.cz\/?post_type=product&#038;p=405"},"modified":"2024-07-09T08:59:26","modified_gmt":"2024-07-09T07:59:26","slug":"taska-a-pytlicky-motiv-vlocky","status":"publish","type":"product","link":"https:\/\/inature.cz\/index.php\/product\/taska-a-pytlicky-motiv-vlocky\/","title":{"rendered":"Ta\u0161ka Vlo\u010dky"},"content":{"rendered":"","protected":false},"excerpt":{"rendered":"<p>100% bavlna<\/p>\n<p>p\u0159\u00edrodn\u00ed barva b\u00e9\u017eov\u00e1<\/p>\n<p>cena za ta\u0161ku nebo t\u0159i pytl\u00ed\u010dky<\/p>\n<p><strong>Fairtrade bavln\u011bn\u00e1 ta\u0161ka <\/strong>ze<strong>\u00a0<\/strong>100% Fairtrade bavlny gram\u00e1\u017e 155 g\/m2<\/p>\n<p>rozm\u011bry 38 x 42 cm<\/p>\n<p>dlouh\u00e1 ucha<\/p>\n<p>k\u0159\u00ed\u017eov\u00e9 pro\u0161it\u00ed<\/p>\n<p>vnit\u0159n\u00ed obruba pro vy\u0161\u0161\u00ed nosnost a\u017e 12 kg p\u0159i objemu 10 litr\u016f<\/p>\n","protected":false},"featured_media":406,"comment_status":"open","ping_status":"closed","template":"","meta":{"neve_meta_sidebar":"","neve_meta_container":"","neve_meta_enable_content_width":"off","neve_meta_content_width":100,"neve_meta_title_alignment":"","neve_meta_author_avatar":"","neve_post_elements_order":"","neve_meta_disable_header":"","neve_meta_disable_footer":"","neve_meta_disable_title":""},"product_cat":[25],"product_tag":[],"class_list":["post-405","product","type-product","status-publish","has-post-thumbnail","hentry","product_cat-tasky-a-vaky"],"_links":{"self":[{"href":"https:\/\/inature.cz\/index.php\/wp-json\/wp\/v2\/product\/405","targetHints":{"allow":["GET"]}}],"collection":[{"href":"https:\/\/inature.cz\/index.php\/wp-json\/wp\/v2\/product"}],"about":[{"href":"https:\/\/inature.cz\/index.php\/wp-json\/wp\/v2\/types\/product"}],"replies":[{"embeddable":true,"href":"https:\/\/inature.cz\/index.php\/wp-json\/wp\/v2\/comments?post=405"}],"wp:featuredmedia":[{"embeddable":true,"href":"https:\/\/inature.cz\/index.php\/wp-json\/wp\/v2\/media\/406"}],"wp:attachment":[{"href":"https:\/\/inature.cz\/index.php\/wp-json\/wp\/v2\/media?parent=405"}],"wp:term":[{"taxonomy":"product_cat","embeddable":true,"href":"https:\/\/inature.cz\/index.php\/wp-json\/wp\/v2\/product_cat?post=405"},{"taxonomy":"product_tag","embeddable":true,"href":"https:\/\/inature.cz\/index.php\/wp-json\/wp\/v2\/product_tag?post=405"}],"curies":[{"name":"wp","href":"https:\/\/api.w.org\/{rel}","templated":true}]}}