{"id":417,"date":"2021-11-21T22:50:04","date_gmt":"2021-11-21T21:50:04","guid":{"rendered":"https:\/\/inature.cz\/?post_type=product&#038;p=417"},"modified":"2021-12-12T21:52:43","modified_gmt":"2021-12-12T20:52:43","slug":"darkovy-pytlik-vlocka-2","status":"publish","type":"product","link":"https:\/\/inature.cz\/index.php\/product\/darkovy-pytlik-vlocka-2\/","title":{"rendered":"D\u00e1rkov\u00fd pytl\u00edk Vlo\u010dka"},"content":{"rendered":"","protected":false},"excerpt":{"rendered":"<p>pl\u00e1t\u011bn\u00fd pytl\u00edk se \u0161\u0148\u016frkou<\/p>\n<p>p\u0159\u00edrodn\u00ed b\u00e9\u017eov\u00e1 barva<\/p>\n<p>tisk vlo\u010dky \u010dern\u00fd odst\u00edn<\/p>\n<p>20 x 25 cm<\/p>\n","protected":false},"featured_media":418,"comment_status":"open","ping_status":"closed","template":"","meta":{"neve_meta_sidebar":"","neve_meta_container":"","neve_meta_enable_content_width":"off","neve_meta_content_width":100,"neve_meta_title_alignment":"","neve_meta_author_avatar":"","neve_post_elements_order":"","neve_meta_disable_header":"","neve_meta_disable_footer":"","neve_meta_disable_title":""},"product_cat":[25],"product_tag":[],"class_list":["post-417","product","type-product","status-publish","has-post-thumbnail","hentry","product_cat-tasky-a-vaky"],"_links":{"self":[{"href":"https:\/\/inature.cz\/index.php\/wp-json\/wp\/v2\/product\/417","targetHints":{"allow":["GET"]}}],"collection":[{"href":"https:\/\/inature.cz\/index.php\/wp-json\/wp\/v2\/product"}],"about":[{"href":"https:\/\/inature.cz\/index.php\/wp-json\/wp\/v2\/types\/product"}],"replies":[{"embeddable":true,"href":"https:\/\/inature.cz\/index.php\/wp-json\/wp\/v2\/comments?post=417"}],"wp:featuredmedia":[{"embeddable":true,"href":"https:\/\/inature.cz\/index.php\/wp-json\/wp\/v2\/media\/418"}],"wp:attachment":[{"href":"https:\/\/inature.cz\/index.php\/wp-json\/wp\/v2\/media?parent=417"}],"wp:term":[{"taxonomy":"product_cat","embeddable":true,"href":"https:\/\/inature.cz\/index.php\/wp-json\/wp\/v2\/product_cat?post=417"},{"taxonomy":"product_tag","embeddable":true,"href":"https:\/\/inature.cz\/index.php\/wp-json\/wp\/v2\/product_tag?post=417"}],"curies":[{"name":"wp","href":"https:\/\/api.w.org\/{rel}","templated":true}]}}