{"id":523,"date":"2021-12-12T23:10:39","date_gmt":"2021-12-12T22:10:39","guid":{"rendered":"https:\/\/inature.cz\/?post_type=product&#038;p=523"},"modified":"2021-12-14T23:20:32","modified_gmt":"2021-12-14T22:20:32","slug":"tricko-havranci","status":"publish","type":"product","link":"https:\/\/inature.cz\/index.php\/product\/tricko-havranci\/","title":{"rendered":"Tri\u010dko Havr\u00e1nci"},"content":{"rendered":"<p>100% bio bavlna<\/p>\n<p>tmav\u011b \u0161ed\u00e9 tri\u010dko<\/p>\n<p>voln\u00fd dob\u0159e padnouc\u00ed st\u0159ih<\/p>\n<p>velikost M, sedne a\u017e na L<\/p>\n","protected":false},"excerpt":{"rendered":"<p>100% bio bavlna tmav\u011b \u0161ed\u00e9 tri\u010dko voln\u00fd dob\u0159e padnouc\u00ed st\u0159ih velikost M, sedne a\u017e na L<\/p>\n","protected":false},"featured_media":524,"comment_status":"open","ping_status":"closed","template":"","meta":{"neve_meta_sidebar":"","neve_meta_container":"","neve_meta_enable_content_width":"off","neve_meta_content_width":100,"neve_meta_title_alignment":"","neve_meta_author_avatar":"","neve_post_elements_order":"","neve_meta_disable_header":"","neve_meta_disable_footer":"","neve_meta_disable_title":""},"product_cat":[18,16],"product_tag":[],"class_list":["post-523","product","type-product","status-publish","has-post-thumbnail","hentry","product_cat-damske","product_cat-tricka"],"_links":{"self":[{"href":"https:\/\/inature.cz\/index.php\/wp-json\/wp\/v2\/product\/523","targetHints":{"allow":["GET"]}}],"collection":[{"href":"https:\/\/inature.cz\/index.php\/wp-json\/wp\/v2\/product"}],"about":[{"href":"https:\/\/inature.cz\/index.php\/wp-json\/wp\/v2\/types\/product"}],"replies":[{"embeddable":true,"href":"https:\/\/inature.cz\/index.php\/wp-json\/wp\/v2\/comments?post=523"}],"wp:featuredmedia":[{"embeddable":true,"href":"https:\/\/inature.cz\/index.php\/wp-json\/wp\/v2\/media\/524"}],"wp:attachment":[{"href":"https:\/\/inature.cz\/index.php\/wp-json\/wp\/v2\/media?parent=523"}],"wp:term":[{"taxonomy":"product_cat","embeddable":true,"href":"https:\/\/inature.cz\/index.php\/wp-json\/wp\/v2\/product_cat?post=523"},{"taxonomy":"product_tag","embeddable":true,"href":"https:\/\/inature.cz\/index.php\/wp-json\/wp\/v2\/product_tag?post=523"}],"curies":[{"name":"wp","href":"https:\/\/api.w.org\/{rel}","templated":true}]}}