{"id":540,"date":"2021-12-13T12:51:22","date_gmt":"2021-12-13T11:51:22","guid":{"rendered":"https:\/\/inature.cz\/?post_type=product&#038;p=540"},"modified":"2021-12-15T00:06:22","modified_gmt":"2021-12-14T23:06:22","slug":"tricko-mesic","status":"publish","type":"product","link":"https:\/\/inature.cz\/index.php\/product\/tricko-mesic\/","title":{"rendered":"tri\u010dko M\u011bs\u00edc"},"content":{"rendered":"<p>100% bio bavlna<\/p>\n<p>140 g\/m2<\/p>\n<p>tmav\u011b \u0161ed\u00e9 tri\u010dko<\/p>\n<p>&nbsp;<\/p>\n","protected":false},"excerpt":{"rendered":"<p>&nbsp;<\/p>\n<p>&nbsp;<\/p>\n","protected":false},"featured_media":541,"comment_status":"open","ping_status":"closed","template":"","meta":{"neve_meta_sidebar":"","neve_meta_container":"","neve_meta_enable_content_width":"off","neve_meta_content_width":100,"neve_meta_title_alignment":"","neve_meta_author_avatar":"","neve_post_elements_order":"","neve_meta_disable_header":"","neve_meta_disable_footer":"","neve_meta_disable_title":""},"product_cat":[18,16],"product_tag":[],"class_list":["post-540","product","type-product","status-publish","has-post-thumbnail","hentry","product_cat-damske","product_cat-tricka"],"_links":{"self":[{"href":"https:\/\/inature.cz\/index.php\/wp-json\/wp\/v2\/product\/540","targetHints":{"allow":["GET"]}}],"collection":[{"href":"https:\/\/inature.cz\/index.php\/wp-json\/wp\/v2\/product"}],"about":[{"href":"https:\/\/inature.cz\/index.php\/wp-json\/wp\/v2\/types\/product"}],"replies":[{"embeddable":true,"href":"https:\/\/inature.cz\/index.php\/wp-json\/wp\/v2\/comments?post=540"}],"wp:featuredmedia":[{"embeddable":true,"href":"https:\/\/inature.cz\/index.php\/wp-json\/wp\/v2\/media\/541"}],"wp:attachment":[{"href":"https:\/\/inature.cz\/index.php\/wp-json\/wp\/v2\/media?parent=540"}],"wp:term":[{"taxonomy":"product_cat","embeddable":true,"href":"https:\/\/inature.cz\/index.php\/wp-json\/wp\/v2\/product_cat?post=540"},{"taxonomy":"product_tag","embeddable":true,"href":"https:\/\/inature.cz\/index.php\/wp-json\/wp\/v2\/product_tag?post=540"}],"curies":[{"name":"wp","href":"https:\/\/api.w.org\/{rel}","templated":true}]}}