{"id":546,"date":"2021-12-13T12:57:17","date_gmt":"2021-12-13T11:57:17","guid":{"rendered":"https:\/\/inature.cz\/?post_type=product&#038;p=546"},"modified":"2026-05-13T13:25:22","modified_gmt":"2026-05-13T12:25:22","slug":"tricko-abstrakce","status":"publish","type":"product","link":"https:\/\/inature.cz\/index.php\/product\/tricko-abstrakce\/","title":{"rendered":"tri\u010dko Abstrakce"},"content":{"rendered":"<p>100% bio bavlna<\/p>\n<p>140 g\/m2<\/p>\n<p>voln\u00fd st\u0159ih, velikost sedne na v\u011bt\u0161\u00ed<\/p>\n<p>tmav\u011b \u0161ed\u00e1 barva<\/p>\n<p>&nbsp;<\/p>\n","protected":false},"excerpt":{"rendered":"<p>100% bio bavlna 140 g\/m2 voln\u00fd st\u0159ih, velikost sedne na v\u011bt\u0161\u00ed tmav\u011b \u0161ed\u00e1 barva &nbsp;<\/p>\n","protected":false},"featured_media":547,"comment_status":"open","ping_status":"closed","template":"","meta":{"neve_meta_sidebar":"","neve_meta_container":"","neve_meta_enable_content_width":"off","neve_meta_content_width":100,"neve_meta_title_alignment":"","neve_meta_author_avatar":"","neve_post_elements_order":"","neve_meta_disable_header":"","neve_meta_disable_footer":"","neve_meta_disable_title":""},"product_cat":[18,16],"product_tag":[],"class_list":["post-546","product","type-product","status-publish","has-post-thumbnail","hentry","product_cat-damske","product_cat-tricka"],"_links":{"self":[{"href":"https:\/\/inature.cz\/index.php\/wp-json\/wp\/v2\/product\/546","targetHints":{"allow":["GET"]}}],"collection":[{"href":"https:\/\/inature.cz\/index.php\/wp-json\/wp\/v2\/product"}],"about":[{"href":"https:\/\/inature.cz\/index.php\/wp-json\/wp\/v2\/types\/product"}],"replies":[{"embeddable":true,"href":"https:\/\/inature.cz\/index.php\/wp-json\/wp\/v2\/comments?post=546"}],"wp:featuredmedia":[{"embeddable":true,"href":"https:\/\/inature.cz\/index.php\/wp-json\/wp\/v2\/media\/547"}],"wp:attachment":[{"href":"https:\/\/inature.cz\/index.php\/wp-json\/wp\/v2\/media?parent=546"}],"wp:term":[{"taxonomy":"product_cat","embeddable":true,"href":"https:\/\/inature.cz\/index.php\/wp-json\/wp\/v2\/product_cat?post=546"},{"taxonomy":"product_tag","embeddable":true,"href":"https:\/\/inature.cz\/index.php\/wp-json\/wp\/v2\/product_tag?post=546"}],"curies":[{"name":"wp","href":"https:\/\/api.w.org\/{rel}","templated":true}]}}