{"id":562,"date":"2021-12-14T13:19:15","date_gmt":"2021-12-14T12:19:15","guid":{"rendered":"https:\/\/inature.cz\/?post_type=product&#038;p=562"},"modified":"2025-04-05T03:28:36","modified_gmt":"2025-04-05T02:28:36","slug":"bodicko-havranci","status":"publish","type":"product","link":"https:\/\/inature.cz\/index.php\/product\/bodicko-havranci\/","title":{"rendered":"bod\u00ed\u010dko Havr\u00e1nci"},"content":{"rendered":"<p>prou\u017ekovan\u00e9 \u0161edob\u00edl\u00e9<\/p>\n<p>97% bavlna, 3% visk\u00f3za<\/p>\n<p>vysok\u00e1 gram\u00e1\u017e 200 g\/m2<\/p>\n<p>6 &#8211; 12 m\u011bs\u00edc\u016f<\/p>\n","protected":false},"excerpt":{"rendered":"<p>prou\u017ekovan\u00e9 \u0161edob\u00edl\u00e9 97% bavlna, 3% visk\u00f3za vysok\u00e1 gram\u00e1\u017e 200 g\/m2 6 &#8211; 12 m\u011bs\u00edc\u016f<\/p>\n","protected":false},"featured_media":563,"comment_status":"open","ping_status":"closed","template":"","meta":{"neve_meta_sidebar":"","neve_meta_container":"","neve_meta_enable_content_width":"off","neve_meta_content_width":100,"neve_meta_title_alignment":"","neve_meta_author_avatar":"","neve_post_elements_order":"","neve_meta_disable_header":"","neve_meta_disable_footer":"","neve_meta_disable_title":""},"product_cat":[22],"product_tag":[],"class_list":["post-562","product","type-product","status-publish","has-post-thumbnail","hentry","product_cat-detske"],"_links":{"self":[{"href":"https:\/\/inature.cz\/index.php\/wp-json\/wp\/v2\/product\/562","targetHints":{"allow":["GET"]}}],"collection":[{"href":"https:\/\/inature.cz\/index.php\/wp-json\/wp\/v2\/product"}],"about":[{"href":"https:\/\/inature.cz\/index.php\/wp-json\/wp\/v2\/types\/product"}],"replies":[{"embeddable":true,"href":"https:\/\/inature.cz\/index.php\/wp-json\/wp\/v2\/comments?post=562"}],"wp:featuredmedia":[{"embeddable":true,"href":"https:\/\/inature.cz\/index.php\/wp-json\/wp\/v2\/media\/563"}],"wp:attachment":[{"href":"https:\/\/inature.cz\/index.php\/wp-json\/wp\/v2\/media?parent=562"}],"wp:term":[{"taxonomy":"product_cat","embeddable":true,"href":"https:\/\/inature.cz\/index.php\/wp-json\/wp\/v2\/product_cat?post=562"},{"taxonomy":"product_tag","embeddable":true,"href":"https:\/\/inature.cz\/index.php\/wp-json\/wp\/v2\/product_tag?post=562"}],"curies":[{"name":"wp","href":"https:\/\/api.w.org\/{rel}","templated":true}]}}