{"id":648,"date":"2021-12-15T00:42:19","date_gmt":"2021-12-14T23:42:19","guid":{"rendered":"https:\/\/inature.cz\/?post_type=product&#038;p=648"},"modified":"2025-01-25T11:49:20","modified_gmt":"2025-01-25T10:49:20","slug":"saty-vlocky","status":"publish","type":"product","link":"https:\/\/inature.cz\/index.php\/product\/saty-vlocky\/","title":{"rendered":"\u0161aty Vlo\u010dky"},"content":{"rendered":"<div class=\"woocommerce-tabs wc-tabs-wrapper\">\n<div id=\"tab-description\" class=\"woocommerce-Tabs-panel woocommerce-Tabs-panel--description panel entry-content wc-tab\" role=\"tabpanel\" aria-labelledby=\"tab-title-description\">\n<p>100% bio bavlna<\/p>\n<p>tri\u010dko \u0161aty zna\u010dky Mantis world<\/p>\n<p>150 g\/m2<\/p>\n<p>\u010dern\u00e1 barva<\/p>\n<p>velikost M, sednou na L<\/p>\n<p>oboustrann\u00fd potisk &#8211; ru\u010dn\u00ed s\u00edtotisk<\/p>\n<p>plastizolov\u00e9 barvy- sv\u011btle modr\u00e1, \u0161ed\u00e1, b\u00edl\u00e1 &#8211; lze zm\u011bnit na p\u0159\u00e1n\u00ed<\/p>\n<\/div>\n<\/div>\n<section class=\"related products\">\n<h2><\/h2>\n<\/section>\n","protected":false},"excerpt":{"rendered":"<p>100% bio bavlna tri\u010dko \u0161aty zna\u010dky Mantis world 150 g\/m2 \u010dern\u00e1 barva velikost M, sednou na L oboustrann\u00fd potisk &#8211; ru\u010dn\u00ed s\u00edtotisk plastizolov\u00e9 barvy- sv\u011btle modr\u00e1, \u0161ed\u00e1, b\u00edl\u00e1 &#8211; lze zm\u011bnit na p\u0159\u00e1n\u00ed<\/p>\n","protected":false},"featured_media":649,"comment_status":"open","ping_status":"closed","template":"","meta":{"neve_meta_sidebar":"","neve_meta_container":"","neve_meta_enable_content_width":"off","neve_meta_content_width":100,"neve_meta_title_alignment":"","neve_meta_author_avatar":"","neve_post_elements_order":"","neve_meta_disable_header":"","neve_meta_disable_footer":"","neve_meta_disable_title":""},"product_cat":[18,31],"product_tag":[],"class_list":["post-648","product","type-product","status-publish","has-post-thumbnail","hentry","product_cat-damske","product_cat-saty"],"_links":{"self":[{"href":"https:\/\/inature.cz\/index.php\/wp-json\/wp\/v2\/product\/648","targetHints":{"allow":["GET"]}}],"collection":[{"href":"https:\/\/inature.cz\/index.php\/wp-json\/wp\/v2\/product"}],"about":[{"href":"https:\/\/inature.cz\/index.php\/wp-json\/wp\/v2\/types\/product"}],"replies":[{"embeddable":true,"href":"https:\/\/inature.cz\/index.php\/wp-json\/wp\/v2\/comments?post=648"}],"wp:featuredmedia":[{"embeddable":true,"href":"https:\/\/inature.cz\/index.php\/wp-json\/wp\/v2\/media\/649"}],"wp:attachment":[{"href":"https:\/\/inature.cz\/index.php\/wp-json\/wp\/v2\/media?parent=648"}],"wp:term":[{"taxonomy":"product_cat","embeddable":true,"href":"https:\/\/inature.cz\/index.php\/wp-json\/wp\/v2\/product_cat?post=648"},{"taxonomy":"product_tag","embeddable":true,"href":"https:\/\/inature.cz\/index.php\/wp-json\/wp\/v2\/product_tag?post=648"}],"curies":[{"name":"wp","href":"https:\/\/api.w.org\/{rel}","templated":true}]}}