{"id":675,"date":"2021-12-15T18:57:30","date_gmt":"2021-12-15T17:57:30","guid":{"rendered":"https:\/\/inature.cz\/?post_type=product&#038;p=675"},"modified":"2025-01-24T18:16:20","modified_gmt":"2025-01-24T17:16:20","slug":"tricko-ptacek-v-trni","status":"publish","type":"product","link":"https:\/\/inature.cz\/index.php\/product\/tricko-ptacek-v-trni\/","title":{"rendered":"tri\u010dko Pt\u00e1\u010dek v trn\u00ed"},"content":{"rendered":"<p>100% bio bavlna<\/p>\n<p>tri\u010dko zna\u010dky Mantis World<\/p>\n<p>140 g\/m2<\/p>\n<p>voln\u00fd st\u0159ih, sedne na v\u011bt\u0161\u00ed velikost<\/p>\n<p>tmav\u011b \u0161ed\u00e1 barva<\/p>\n<p>ru\u010dn\u00ed s\u00edtotisk &#8211; r\u016fznobarevn\u00fd motiv &#8211; lze up\u0159esnit p\u0159ed objedn\u00e1n\u00edm na p\u0159\u00e1n\u00ed z\u00e1kazn\u00edka<\/p>\n","protected":false},"excerpt":{"rendered":"<p>100% bio bavlna tri\u010dko zna\u010dky Mantis World 140 g\/m2 voln\u00fd st\u0159ih, sedne na v\u011bt\u0161\u00ed velikost tmav\u011b \u0161ed\u00e1 barva ru\u010dn\u00ed s\u00edtotisk &#8211; r\u016fznobarevn\u00fd motiv &#8211; lze up\u0159esnit p\u0159ed objedn\u00e1n\u00edm na p\u0159\u00e1n\u00ed z\u00e1kazn\u00edka<\/p>\n","protected":false},"featured_media":676,"comment_status":"open","ping_status":"closed","template":"","meta":{"neve_meta_sidebar":"","neve_meta_container":"","neve_meta_enable_content_width":"off","neve_meta_content_width":100,"neve_meta_title_alignment":"","neve_meta_author_avatar":"","neve_post_elements_order":"","neve_meta_disable_header":"","neve_meta_disable_footer":"","neve_meta_disable_title":""},"product_cat":[18,16],"product_tag":[],"class_list":["post-675","product","type-product","status-publish","has-post-thumbnail","hentry","product_cat-damske","product_cat-tricka"],"_links":{"self":[{"href":"https:\/\/inature.cz\/index.php\/wp-json\/wp\/v2\/product\/675","targetHints":{"allow":["GET"]}}],"collection":[{"href":"https:\/\/inature.cz\/index.php\/wp-json\/wp\/v2\/product"}],"about":[{"href":"https:\/\/inature.cz\/index.php\/wp-json\/wp\/v2\/types\/product"}],"replies":[{"embeddable":true,"href":"https:\/\/inature.cz\/index.php\/wp-json\/wp\/v2\/comments?post=675"}],"wp:featuredmedia":[{"embeddable":true,"href":"https:\/\/inature.cz\/index.php\/wp-json\/wp\/v2\/media\/676"}],"wp:attachment":[{"href":"https:\/\/inature.cz\/index.php\/wp-json\/wp\/v2\/media?parent=675"}],"wp:term":[{"taxonomy":"product_cat","embeddable":true,"href":"https:\/\/inature.cz\/index.php\/wp-json\/wp\/v2\/product_cat?post=675"},{"taxonomy":"product_tag","embeddable":true,"href":"https:\/\/inature.cz\/index.php\/wp-json\/wp\/v2\/product_tag?post=675"}],"curies":[{"name":"wp","href":"https:\/\/api.w.org\/{rel}","templated":true}]}}