{"id":704,"date":"2021-12-15T19:39:22","date_gmt":"2021-12-15T18:39:22","guid":{"rendered":"https:\/\/inature.cz\/?post_type=product&#038;p=704"},"modified":"2025-01-24T17:22:44","modified_gmt":"2025-01-24T16:22:44","slug":"tricko-krkavci-3","status":"publish","type":"product","link":"https:\/\/inature.cz\/index.php\/product\/tricko-krkavci-3\/","title":{"rendered":"tri\u010dko Krkavci"},"content":{"rendered":"<p>100% bio bavlna<\/p>\n<p>tri\u010dko zna\u010dky Mantis World<\/p>\n<p>140 g\/m2<\/p>\n<p>voln\u00fd st\u0159ih, velikost a\u017e o \u010d\u00edslo v\u011bt\u0161\u00ed<\/p>\n<p>\u010dern\u00e1 barva<\/p>\n<p>s\u00edtotisk &#8211; dvakr\u00e1t motiv krkavce &#8211; um\u00edst\u011bn\u00ed lze dle p\u0159\u00e1n\u00ed z\u00e1kazn\u00edka<\/p>\n","protected":false},"excerpt":{"rendered":"<p>100% bio bavlna tri\u010dko zna\u010dky Mantis World 140 g\/m2 voln\u00fd st\u0159ih, velikost a\u017e o \u010d\u00edslo v\u011bt\u0161\u00ed \u010dern\u00e1 barva s\u00edtotisk &#8211; dvakr\u00e1t motiv krkavce &#8211; um\u00edst\u011bn\u00ed lze dle p\u0159\u00e1n\u00ed z\u00e1kazn\u00edka<\/p>\n","protected":false},"featured_media":705,"comment_status":"open","ping_status":"closed","template":"","meta":{"neve_meta_sidebar":"","neve_meta_container":"","neve_meta_enable_content_width":"off","neve_meta_content_width":100,"neve_meta_title_alignment":"","neve_meta_author_avatar":"","neve_post_elements_order":"","neve_meta_disable_header":"","neve_meta_disable_footer":"","neve_meta_disable_title":""},"product_cat":[18,16],"product_tag":[],"class_list":["post-704","product","type-product","status-publish","has-post-thumbnail","hentry","product_cat-damske","product_cat-tricka"],"_links":{"self":[{"href":"https:\/\/inature.cz\/index.php\/wp-json\/wp\/v2\/product\/704","targetHints":{"allow":["GET"]}}],"collection":[{"href":"https:\/\/inature.cz\/index.php\/wp-json\/wp\/v2\/product"}],"about":[{"href":"https:\/\/inature.cz\/index.php\/wp-json\/wp\/v2\/types\/product"}],"replies":[{"embeddable":true,"href":"https:\/\/inature.cz\/index.php\/wp-json\/wp\/v2\/comments?post=704"}],"wp:featuredmedia":[{"embeddable":true,"href":"https:\/\/inature.cz\/index.php\/wp-json\/wp\/v2\/media\/705"}],"wp:attachment":[{"href":"https:\/\/inature.cz\/index.php\/wp-json\/wp\/v2\/media?parent=704"}],"wp:term":[{"taxonomy":"product_cat","embeddable":true,"href":"https:\/\/inature.cz\/index.php\/wp-json\/wp\/v2\/product_cat?post=704"},{"taxonomy":"product_tag","embeddable":true,"href":"https:\/\/inature.cz\/index.php\/wp-json\/wp\/v2\/product_tag?post=704"}],"curies":[{"name":"wp","href":"https:\/\/api.w.org\/{rel}","templated":true}]}}