{"id":755,"date":"2021-12-16T15:27:34","date_gmt":"2021-12-16T14:27:34","guid":{"rendered":"https:\/\/inature.cz\/?post_type=product&#038;p=755"},"modified":"2025-01-24T18:09:02","modified_gmt":"2025-01-24T17:09:02","slug":"saty-krkavci-2","status":"publish","type":"product","link":"https:\/\/inature.cz\/index.php\/product\/saty-krkavci-2\/","title":{"rendered":"\u0161aty Krkavci"},"content":{"rendered":"<p>100% bio bavlna<\/p>\n<p>tri\u010dko \u0161aty zna\u010dky Mantis World<\/p>\n<p>150 g\/m2<\/p>\n<p>\u010dern\u00e1 barva<\/p>\n<p>voln\u00fd st\u0159ih, velikost je o \u010d\u00edslo v\u011bt\u0161\u00ed<\/p>\n<p>ru\u010dn\u00ed s\u00edtotisk &#8211; dvakr\u00e1t potisk motivu krkavec<\/p>\n<p>&nbsp;<\/p>\n","protected":false},"excerpt":{"rendered":"<p>100% bio bavlna tri\u010dko \u0161aty zna\u010dky Mantis World 150 g\/m2 \u010dern\u00e1 barva voln\u00fd st\u0159ih, velikost je o \u010d\u00edslo v\u011bt\u0161\u00ed ru\u010dn\u00ed s\u00edtotisk &#8211; dvakr\u00e1t potisk motivu krkavec &nbsp;<\/p>\n","protected":false},"featured_media":761,"comment_status":"open","ping_status":"closed","template":"","meta":{"neve_meta_sidebar":"","neve_meta_container":"","neve_meta_enable_content_width":"off","neve_meta_content_width":100,"neve_meta_title_alignment":"","neve_meta_author_avatar":"","neve_post_elements_order":"","neve_meta_disable_header":"","neve_meta_disable_footer":"","neve_meta_disable_title":""},"product_cat":[18,31],"product_tag":[],"class_list":["post-755","product","type-product","status-publish","has-post-thumbnail","hentry","product_cat-damske","product_cat-saty"],"_links":{"self":[{"href":"https:\/\/inature.cz\/index.php\/wp-json\/wp\/v2\/product\/755","targetHints":{"allow":["GET"]}}],"collection":[{"href":"https:\/\/inature.cz\/index.php\/wp-json\/wp\/v2\/product"}],"about":[{"href":"https:\/\/inature.cz\/index.php\/wp-json\/wp\/v2\/types\/product"}],"replies":[{"embeddable":true,"href":"https:\/\/inature.cz\/index.php\/wp-json\/wp\/v2\/comments?post=755"}],"wp:featuredmedia":[{"embeddable":true,"href":"https:\/\/inature.cz\/index.php\/wp-json\/wp\/v2\/media\/761"}],"wp:attachment":[{"href":"https:\/\/inature.cz\/index.php\/wp-json\/wp\/v2\/media?parent=755"}],"wp:term":[{"taxonomy":"product_cat","embeddable":true,"href":"https:\/\/inature.cz\/index.php\/wp-json\/wp\/v2\/product_cat?post=755"},{"taxonomy":"product_tag","embeddable":true,"href":"https:\/\/inature.cz\/index.php\/wp-json\/wp\/v2\/product_tag?post=755"}],"curies":[{"name":"wp","href":"https:\/\/api.w.org\/{rel}","templated":true}]}}