{"id":805,"date":"2021-12-21T23:00:42","date_gmt":"2021-12-21T22:00:42","guid":{"rendered":"https:\/\/inature.cz\/?post_type=product&#038;p=805"},"modified":"2021-12-21T23:00:44","modified_gmt":"2021-12-21T22:00:44","slug":"mikca-ptacek-v-trni","status":"publish","type":"product","link":"https:\/\/inature.cz\/index.php\/product\/mikca-ptacek-v-trni\/","title":{"rendered":"mik\u010da Pt\u00e1\u010dek v trn\u00ed"},"content":{"rendered":"<p>85% bavlna, 15% visk\u00f3za<\/p>\n<p>\u010dern\u00e1 barva<\/p>\n<p>voln\u00fd st\u0159ih<\/p>\n<p>slab\u00e1 mikina s kapuc\u00ed<\/p>\n<p>&nbsp;<\/p>\n","protected":false},"excerpt":{"rendered":"<p>85% bavlna, 15% visk\u00f3za \u010dern\u00e1 barva voln\u00fd st\u0159ih slab\u00e1 mikina s kapuc\u00ed &nbsp;<\/p>\n","protected":false},"featured_media":806,"comment_status":"open","ping_status":"closed","template":"","meta":{"neve_meta_sidebar":"","neve_meta_container":"","neve_meta_enable_content_width":"off","neve_meta_content_width":100,"neve_meta_title_alignment":"","neve_meta_author_avatar":"","neve_post_elements_order":"","neve_meta_disable_header":"","neve_meta_disable_footer":"","neve_meta_disable_title":""},"product_cat":[18,17],"product_tag":[],"class_list":["post-805","product","type-product","status-publish","has-post-thumbnail","hentry","product_cat-damske","product_cat-mikiny"],"_links":{"self":[{"href":"https:\/\/inature.cz\/index.php\/wp-json\/wp\/v2\/product\/805","targetHints":{"allow":["GET"]}}],"collection":[{"href":"https:\/\/inature.cz\/index.php\/wp-json\/wp\/v2\/product"}],"about":[{"href":"https:\/\/inature.cz\/index.php\/wp-json\/wp\/v2\/types\/product"}],"replies":[{"embeddable":true,"href":"https:\/\/inature.cz\/index.php\/wp-json\/wp\/v2\/comments?post=805"}],"wp:featuredmedia":[{"embeddable":true,"href":"https:\/\/inature.cz\/index.php\/wp-json\/wp\/v2\/media\/806"}],"wp:attachment":[{"href":"https:\/\/inature.cz\/index.php\/wp-json\/wp\/v2\/media?parent=805"}],"wp:term":[{"taxonomy":"product_cat","embeddable":true,"href":"https:\/\/inature.cz\/index.php\/wp-json\/wp\/v2\/product_cat?post=805"},{"taxonomy":"product_tag","embeddable":true,"href":"https:\/\/inature.cz\/index.php\/wp-json\/wp\/v2\/product_tag?post=805"}],"curies":[{"name":"wp","href":"https:\/\/api.w.org\/{rel}","templated":true}]}}