{"id":824,"date":"2021-12-21T23:31:53","date_gmt":"2021-12-21T22:31:53","guid":{"rendered":"https:\/\/inature.cz\/?post_type=product&#038;p=824"},"modified":"2025-01-24T17:14:36","modified_gmt":"2025-01-24T16:14:36","slug":"824","status":"publish","type":"product","link":"https:\/\/inature.cz\/index.php\/product\/824\/","title":{"rendered":"tri\u010dko Letokruhy"},"content":{"rendered":"<p>100% bio bavlna<\/p>\n<p>tri\u010dko zna\u010dky Mantis World<\/p>\n<p>140 g\/m2<\/p>\n<p>ho\u0159\u010dicov\u011b \u017elut\u00e1 barva<\/p>\n<p>lze pr\u00e1t na 40\u00b0<\/p>\n<p>ru\u010dn\u00ed obtisk letokruh\u016f d\u0159eva<\/p>\n","protected":false},"excerpt":{"rendered":"<p>100% bio bavlna tri\u010dko zna\u010dky Mantis World 140 g\/m2 ho\u0159\u010dicov\u011b \u017elut\u00e1 barva lze pr\u00e1t na 40\u00b0 ru\u010dn\u00ed obtisk letokruh\u016f d\u0159eva<\/p>\n","protected":false},"featured_media":825,"comment_status":"open","ping_status":"closed","template":"","meta":{"neve_meta_sidebar":"","neve_meta_container":"","neve_meta_enable_content_width":"off","neve_meta_content_width":100,"neve_meta_title_alignment":"","neve_meta_author_avatar":"","neve_post_elements_order":"","neve_meta_disable_header":"","neve_meta_disable_footer":"","neve_meta_disable_title":""},"product_cat":[19,41],"product_tag":[],"class_list":["post-824","product","type-product","status-publish","has-post-thumbnail","hentry","product_cat-panske","product_cat-tricka-panske-2"],"_links":{"self":[{"href":"https:\/\/inature.cz\/index.php\/wp-json\/wp\/v2\/product\/824","targetHints":{"allow":["GET"]}}],"collection":[{"href":"https:\/\/inature.cz\/index.php\/wp-json\/wp\/v2\/product"}],"about":[{"href":"https:\/\/inature.cz\/index.php\/wp-json\/wp\/v2\/types\/product"}],"replies":[{"embeddable":true,"href":"https:\/\/inature.cz\/index.php\/wp-json\/wp\/v2\/comments?post=824"}],"wp:featuredmedia":[{"embeddable":true,"href":"https:\/\/inature.cz\/index.php\/wp-json\/wp\/v2\/media\/825"}],"wp:attachment":[{"href":"https:\/\/inature.cz\/index.php\/wp-json\/wp\/v2\/media?parent=824"}],"wp:term":[{"taxonomy":"product_cat","embeddable":true,"href":"https:\/\/inature.cz\/index.php\/wp-json\/wp\/v2\/product_cat?post=824"},{"taxonomy":"product_tag","embeddable":true,"href":"https:\/\/inature.cz\/index.php\/wp-json\/wp\/v2\/product_tag?post=824"}],"curies":[{"name":"wp","href":"https:\/\/api.w.org\/{rel}","templated":true}]}}