{"id":852,"date":"2022-02-10T19:21:07","date_gmt":"2022-02-10T18:21:07","guid":{"rendered":"https:\/\/inature.cz\/?post_type=product&#038;p=852"},"modified":"2025-01-24T17:56:39","modified_gmt":"2025-01-24T16:56:39","slug":"mikina-letokruhy","status":"publish","type":"product","link":"https:\/\/inature.cz\/index.php\/product\/mikina-letokruhy\/","title":{"rendered":"mikina Letokruhy"},"content":{"rendered":"<p>71% bio bavlna, 21% polyester, 8% visk\u00f3za<\/p>\n<p>280 g\/m2<\/p>\n<p>sv\u011btle \u0161ed\u00e1 barva &#8211; mel\u00edr<\/p>\n<p>lze pr\u00e1t na 40\u00b4<\/p>\n<p>ru\u010dn\u00ed obtisk letokruh\u016f d\u0159eva<\/p>\n","protected":false},"excerpt":{"rendered":"<p>71% bio bavlna, 21% polyester, 8% visk\u00f3za 280 g\/m2 sv\u011btle \u0161ed\u00e1 barva &#8211; mel\u00edr lze pr\u00e1t na 40\u00b4 ru\u010dn\u00ed obtisk letokruh\u016f d\u0159eva<\/p>\n","protected":false},"featured_media":785,"comment_status":"open","ping_status":"closed","template":"","meta":{"neve_meta_sidebar":"","neve_meta_container":"","neve_meta_enable_content_width":"off","neve_meta_content_width":100,"neve_meta_title_alignment":"","neve_meta_author_avatar":"","neve_post_elements_order":"","neve_meta_disable_header":"","neve_meta_disable_footer":"","neve_meta_disable_title":""},"product_cat":[39,19],"product_tag":[],"class_list":["post-852","product","type-product","status-publish","has-post-thumbnail","hentry","product_cat-tricka-panske","product_cat-panske"],"_links":{"self":[{"href":"https:\/\/inature.cz\/index.php\/wp-json\/wp\/v2\/product\/852","targetHints":{"allow":["GET"]}}],"collection":[{"href":"https:\/\/inature.cz\/index.php\/wp-json\/wp\/v2\/product"}],"about":[{"href":"https:\/\/inature.cz\/index.php\/wp-json\/wp\/v2\/types\/product"}],"replies":[{"embeddable":true,"href":"https:\/\/inature.cz\/index.php\/wp-json\/wp\/v2\/comments?post=852"}],"wp:featuredmedia":[{"embeddable":true,"href":"https:\/\/inature.cz\/index.php\/wp-json\/wp\/v2\/media\/785"}],"wp:attachment":[{"href":"https:\/\/inature.cz\/index.php\/wp-json\/wp\/v2\/media?parent=852"}],"wp:term":[{"taxonomy":"product_cat","embeddable":true,"href":"https:\/\/inature.cz\/index.php\/wp-json\/wp\/v2\/product_cat?post=852"},{"taxonomy":"product_tag","embeddable":true,"href":"https:\/\/inature.cz\/index.php\/wp-json\/wp\/v2\/product_tag?post=852"}],"curies":[{"name":"wp","href":"https:\/\/api.w.org\/{rel}","templated":true}]}}